{"id":12990,"date":"2021-12-09T02:42:12","date_gmt":"2022-12-06T00:37:43","guid":{"rendered":"https:\/\/panorama-leipzig.de\/produkt\/candle-light-dinner-2\/"},"modified":"2023-12-13T09:13:50","modified_gmt":"2023-12-13T08:13:50","slug":"candle-light-dinner-2","status":"publish","type":"product","link":"https:\/\/panorama-leipzig.de\/en\/produkt\/candle-light-dinner-2\/","title":{"rendered":"Candle Light Dinner"},"content":{"rendered":"<p>[et_pb_section fb_built=&#8221;1&#8243; _builder_version=&#8221;4.16&#8243; custom_padding=&#8221;0px||||false|false&#8221; global_colors_info=&#8221;{}&#8221;][et_pb_row _builder_version=&#8221;4.16&#8243; background_size=&#8221;initial&#8221; background_position=&#8221;top_left&#8221; background_repeat=&#8221;repeat&#8221; width=&#8221;100%&#8221; custom_padding=&#8221;0px||0px||false|false&#8221; global_colors_info=&#8221;{}&#8221;][et_pb_column type=&#8221;4_4&#8243; _builder_version=&#8221;4.16&#8243; custom_padding=&#8221;|||&#8221; global_colors_info=&#8221;{}&#8221; custom_padding__hover=&#8221;|||&#8221;][et_pb_wc_breadcrumb _builder_version=&#8221;4.16&#8243; global_colors_info=&#8221;{}&#8221;][\/et_pb_wc_breadcrumb][et_pb_wc_cart_notice _builder_version=&#8221;4.16&#8243; global_colors_info=&#8221;{}&#8221;][\/et_pb_wc_cart_notice][\/et_pb_column][\/et_pb_row][et_pb_row column_structure=&#8221;1_2,1_2&#8243; _builder_version=&#8221;4.16&#8243; background_size=&#8221;initial&#8221; background_position=&#8221;top_left&#8221; background_repeat=&#8221;repeat&#8221; width=&#8221;100%&#8221; custom_padding=&#8221;0px||||false|false&#8221; global_colors_info=&#8221;{}&#8221;][et_pb_column type=&#8221;1_2&#8243; _builder_version=&#8221;4.16&#8243; custom_padding=&#8221;|||&#8221; global_colors_info=&#8221;{}&#8221; custom_padding__hover=&#8221;|||&#8221;][et_pb_wc_images _builder_version=&#8221;4.16&#8243; global_colors_info=&#8221;{}&#8221;][\/et_pb_wc_images][\/et_pb_column][et_pb_column type=&#8221;1_2&#8243; _builder_version=&#8221;4.16&#8243; custom_padding=&#8221;|||&#8221; global_colors_info=&#8221;{}&#8221; custom_padding__hover=&#8221;|||&#8221;][et_pb_wc_title _builder_version=&#8221;4.16&#8243; global_colors_info=&#8221;{}&#8221;][\/et_pb_wc_title][et_pb_wc_rating _builder_version=&#8221;4.16&#8243; global_colors_info=&#8221;{}&#8221;][\/et_pb_wc_rating][et_pb_wc_price _builder_version=&#8221;4.16&#8243; global_colors_info=&#8221;{}&#8221;][\/et_pb_wc_price][et_pb_wc_description admin_label=&#8221;Woo Product Description&#8221; _builder_version=&#8221;4.17.3&#8243; global_colors_info=&#8221;{}&#8221;][\/et_pb_wc_description][et_pb_wc_add_to_cart _builder_version=&#8221;4.16&#8243; global_colors_info=&#8221;{}&#8221;][\/et_pb_wc_add_to_cart][et_pb_wc_meta _builder_version=&#8221;4.16&#8243; global_colors_info=&#8221;{}&#8221;][\/et_pb_wc_meta][\/et_pb_column][\/et_pb_row][et_pb_row _builder_version=&#8221;4.17.3&#8243; _module_preset=&#8221;default&#8221; global_colors_info=&#8221;{}&#8221;][et_pb_column type=&#8221;4_4&#8243; _builder_version=&#8221;4.17.3&#8243; _module_preset=&#8221;default&#8221; global_colors_info=&#8221;{}&#8221;][et_pb_wc_description description_type=&#8221;description&#8221; _builder_version=&#8221;4.17.3&#8243; _module_preset=&#8221;default&#8221; global_colors_info=&#8221;{}&#8221;][\/et_pb_wc_description][\/et_pb_column][\/et_pb_row][\/et_pb_section]<\/p>\n","protected":false},"excerpt":{"rendered":"<p>Valid for 2 persons<\/p>\n","protected":false},"featured_media":4563,"template":"","meta":{"_et_pb_use_builder":"on","_et_pb_old_content":"Der Gutschein ist 3 Jahre g\u00fcltig. Es handelt sich hierbei um einen Wertgutschein, der auch f\u00fcr andere Leistungen genutzt werden kann. Wir behalten uns ausdr\u00fccklich eine Preiserh\u00f6hung f\u00fcr unser Candle Light Dinner vor. Die Differenz ist dann vor Ort zu zahlen. Eine Barauszahlung ist nicht m\u00f6glich. Der aktuelle Status des Gutscheins k\u00f6nnen sie jederzeit im Restaurant abfragen. Eine Barauszahlung ist nicht m\u00f6glich. Das Restaurant haftet nicht f\u00fcr das auf dem Gutschein vorhandene Guthaben bei Verlust, Diebstahl, missbr\u00e4uchlicher Verwendung oder Besch\u00e4digung des Gutscheins, wenn das noch vorhandene Guthaben nicht ermittelt werde kann und leistet keinen Ersatz.","_et_gb_content_width":""},"product_cat":[109,108],"product_tag":[],"class_list":["post-12990","product","type-product","status-publish","has-post-thumbnail","hentry","product_cat-arrangements-en","product_cat-voucher-received-by-mail","product_shipping_class-by-letter"],"_links":{"self":[{"href":"https:\/\/panorama-leipzig.de\/en\/wp-json\/wp\/v2\/product\/12990","targetHints":{"allow":["GET"]}}],"collection":[{"href":"https:\/\/panorama-leipzig.de\/en\/wp-json\/wp\/v2\/product"}],"about":[{"href":"https:\/\/panorama-leipzig.de\/en\/wp-json\/wp\/v2\/types\/product"}],"wp:featuredmedia":[{"embeddable":true,"href":"https:\/\/panorama-leipzig.de\/en\/wp-json\/wp\/v2\/media\/4563"}],"wp:attachment":[{"href":"https:\/\/panorama-leipzig.de\/en\/wp-json\/wp\/v2\/media?parent=12990"}],"wp:term":[{"taxonomy":"product_cat","embeddable":true,"href":"https:\/\/panorama-leipzig.de\/en\/wp-json\/wp\/v2\/product_cat?post=12990"},{"taxonomy":"product_tag","embeddable":true,"href":"https:\/\/panorama-leipzig.de\/en\/wp-json\/wp\/v2\/product_tag?post=12990"}],"curies":[{"name":"wp","href":"https:\/\/api.w.org\/{rel}","templated":true}]}}