{"id":1669,"date":"2021-02-09T09:40:11","date_gmt":"2021-02-09T08:40:11","guid":{"rendered":"http:\/\/neu.panorama-leipzig.de\/imprint\/"},"modified":"2021-02-09T09:40:13","modified_gmt":"2021-02-09T08:40:13","slug":"imprint","status":"publish","type":"page","link":"https:\/\/panorama-leipzig.de\/en\/imprint\/","title":{"rendered":"Imprint"},"content":{"rendered":"<p>[et_pb_section fb_built=&#8221;1&#8243; module_class=&#8221;kb-zoomout-right&#8221; _builder_version=&#8221;4.8.2&#8243; _module_preset=&#8221;default&#8221; background_color=&#8221;#006383&#8243; background_enable_image=&#8221;off&#8221; parallax=&#8221;on&#8221; parallax_method=&#8221;off&#8221; custom_css_before=&#8221;content: %22%22;||background: rgba(0,0,0,0.2);||top: 0;||left: 0;||bottom: 0;||right: 0;||position: absolute;||z-index: 2;&#8221;][et_pb_row _builder_version=&#8221;4.7.4&#8243; _module_preset=&#8221;default&#8221; background_enable_color=&#8221;off&#8221; min_height=&#8221;251px&#8221;][et_pb_column type=&#8221;4_4&#8243; _builder_version=&#8221;4.7.4&#8243; _module_preset=&#8221;default&#8221;][et_pb_text _builder_version=&#8221;4.8.2&#8243; _module_preset=&#8221;default&#8221; header_font=&#8221;|||on|||||&#8221; header_text_align=&#8221;center&#8221; header_text_color=&#8221;#ffffff&#8221;]<\/p>\n<h1>Impressum<\/h1>\n<p>[\/et_pb_text][\/et_pb_column][\/et_pb_row][\/et_pb_section][et_pb_section fb_built=&#8221;1&#8243; _builder_version=&#8221;4.5.0&#8243; _module_preset=&#8221;default&#8221; locked=&#8221;off&#8221;][et_pb_row _builder_version=&#8221;4.7.4&#8243; _module_preset=&#8221;default&#8221;][et_pb_column type=&#8221;4_4&#8243; _builder_version=&#8221;4.5.0&#8243; _module_preset=&#8221;default&#8221;][et_pb_blurb title=&#8221;Impressum&#8221; content_max_width=&#8221;1100px&#8221; _builder_version=&#8221;4.8.2&#8243; _module_preset=&#8221;default&#8221; header_font=&#8221;|||on|||||&#8221; body_font=&#8221;|300|||||||&#8221; custom_css_blurb_title=&#8221;margin-bottom:30px&#8221;]<\/p>\n<p>Panorama Tower GmbH &amp; Co. KG<br \/>Zentrale Verwaltung:<br \/>Buchener Stra\u00dfe 32<br \/>D-04178 Leipzig<\/p>\n<p>Tel.: +49 (0)341 &#8211; 98 441-12<br \/>Fax: +49 (0)341 &#8211; 98 441-21<br \/>E-Mail: info@panorama-leipzig.de<br \/>Homepage: www.panorama-leipzig.de<\/p>\n<p>Gesch\u00e4ftsf\u00fchrer:<br \/>Lutz Albrecht<\/p>\n<p>Registergericht:<br \/>Handelsregister beim Amtsgericht Leipzig<br \/>Handelsregister-Nr. HRA 17438<\/p>\n<p>Steuernummer:<br \/>Steuernummer: 232\/161\/63605<\/p>\n<p>Umsatzsteueridentifikationsnr. gem\u00e4\u00df Paragraph 27a Umsatzsteuergesetz:<br \/>DE 301549095<br \/>\u200b<br \/>Inhaltlich verantwortlich gem\u00e4\u00df Paragraph 6 MDStV:<br \/>Lutz Albrecht<br \/>\u200b<br \/>pers\u00f6nl. haft. Gesellschafter:<br \/>Lutz Albrecht Verwaltungsgesellschaft mbH<br \/>Amtsgericht Leipzig HRB 23029<br \/>vertreten durch Lutz Albrecht<br \/>\u200b<\/p>\n<p>Konzept | Idee | Umsetzung | Websitenbetreuung<br \/>\u200b<br \/>KIS CONCEPT GmbH<br \/>Pf\u00e4lzer-Wald-Stra\u00dfe 64<br \/>D-81538 M\u00fcnchen<br \/>\u200b<br \/>www.kisconcept.ageny<br \/>office@kisconcept.ageny<br \/>\u200b<br \/>Allgemeine Regelungen \/ Haftungsausschluss<br \/>\u200b<br \/>1. Geltungsbereich<br \/>Dieser Haftungsausschluss (Disclaimer) ist Teil dieses Internetangebotes. Er regelt die Nutzung dieser Internetpr\u00e4senz und aller enthaltenen Informationen. Dieser Haftungsausschluss regelt nicht den allgemeinen Gesch\u00e4ftsbetrieb des Unternehmen, welcher durch die geltenden Allgemeinen Gesch\u00e4ftsbedingungen (AGB) geregelt wird.<br \/>\u200b<br \/>2. Inhalt des Onlineangebotes<br \/>Der Autor und seinem Erf\u00fcllungsgehilfen \u00fcbernimmt keinerlei Gew\u00e4hr f\u00fcr die Aktualit\u00e4t, Korrektheit, Vollst\u00e4ndigkeit oder Qualit\u00e4t der bereitgestellten Informationen. Haftungsanspr\u00fcche gegen den Autor, welche sich auf Sch\u00e4den materieller oder ideeller Art beziehen, die durch die Nutzung oder Nichtnutzung der dargebotenen Informationen bzw. durch die Nutzung fehlerhafter und unvollst\u00e4ndiger Informationen verursacht wurden, sind grunds\u00e4tzlich ausgeschlossen, sofern seitens des Autors kein nachweislich vors\u00e4tzliches oder grob fahrl\u00e4ssiges Verschulden vorliegt. Alle Angebote sind freibleibend und unverbindlich. Der Autor und seinem Erf\u00fcllungsgehilfen beh\u00e4lt es sich ausdr\u00fccklich vor, Teile der Seiten oder das gesamte Angebot ohne gesonderte Ank\u00fcndigung zu ver\u00e4ndern, zu erg\u00e4nzen, zu l\u00f6schen oder die Ver\u00f6ffentlichung zeitweise oder endg\u00fcltig einzustellen.<br \/>\u200b<br \/>3. Verweise und Links<br \/>Bei direkten oder indirekten Verweisen auf fremde Webseiten (&#8220;Hyperlinks&#8221;), die au\u00dferhalb des Verantwortungsbereiches des Autors liegen, w\u00fcrde eine Haftungsverpflichtung ausschlie\u00dflich in dem Fall in Kraft treten, in dem der Autor von den Inhalten Kenntnis hat und es ihm technisch m\u00f6glich und zumutbar w\u00e4re, die Nutzung im Falle rechtswidriger Inhalte zu verhindern. Der Autor erkl\u00e4rt hiermit ausdr\u00fccklich, dass zum Zeitpunkt der Linksetzung keine illegalen Inhalte auf den zu verlinkenden Seiten erkennbar waren. Auf die aktuelle und zuk\u00fcnftige Gestaltung, die Inhalte oder die Urheberschaft der verlinkten\/verkn\u00fcpften Seiten hat der Autor keinerlei Einfluss. Deshalb distanziert er sich hiermit ausdr\u00fccklich von allen Inhalten aller verlinkten \/ verkn\u00fcpften Seiten, die nach der Linksetzung ver\u00e4ndert wurden. Diese Feststellung gilt f\u00fcr alle innerhalb des eigenen Internetangebotes gesetzten Links und Verweise sowie f\u00fcr Fremdeintr\u00e4ge in vom Autor eingerichteten G\u00e4steb\u00fcchern, Diskussionsforen, Linkverzeichnissen, Mailinglisten und in allen anderen Formen von Datenbanken, auf deren Inhalt externe Schreibzugriffe m\u00f6glich sind. F\u00fcr illegale, fehlerhafte oder unvollst\u00e4ndige Inhalte und insbesondere f\u00fcr Sch\u00e4den, die aus der Nutzung oder Nichtnutzung solcherart dargebotener Informationen entstehen, haftet allein der Anbieter der Seite, auf welche verwiesen wurde, nicht derjenige, der \u00fcber Links auf die jeweilige Ver\u00f6ffentlichung lediglich verweist.<br \/>\u200b<br \/>4. Urheber- und Kennzeichenrecht<br \/>Der Autor ist bestrebt, in allen Publikationen die Urheberrechte der verwendeten Bilder, Grafiken, Tondokumente, Videosequenzen und Texte zu beachten, von ihm selbst erstellte Bilder, Grafiken, Tondokumente, Videosequenzen und Texte zu nutzen oder auf lizenzfreie Grafiken, Tondokumente, Videosequenzen und Texte zur\u00fcckzugreifen. Alle innerhalb des Internetangebotes genannten und ggf. durch Dritte gesch\u00fctzten Marken- und Warenzeichen unterliegen uneingeschr\u00e4nkt den Bestimmungen des jeweils g\u00fcltigen Kennzeichenrechts und den Besitzrechten der jeweiligen eingetragenen Eigent\u00fcmer. Allein aufgrund der blo\u00dfen Nennung ist nicht der Schluss zu ziehen, dass Markenzeichen nicht durch Rechte Dritter gesch\u00fctzt sind! Das Copyright f\u00fcr ver\u00f6ffentlichte, vom Autor selbst erstellte Objekte bleibt allein beim Autor der Seiten. Eine Vervielf\u00e4ltigung oder Verwendung solcher Grafiken, Tondokumente, Videosequenzen und Texte in anderen elektronischen oder gedruckten Publikationen ist ohne ausdr\u00fcckliche Zustimmung des Autors nicht gestattet.<br \/>\u200b<br \/>5. Hinweise zum Wettbewerbs-, Domain- und Urheberrecht<br \/>Im Falle von wettbewerbsrechtlichen, domainrechtlichen, urheberrechtlichen oder \u00e4hnlichen Problemen bitten wir Sie, uns zur Vermeidung unn\u00f6tiger Rechtsstreite und Kosten bereits im Vorfeld zu kontaktieren. Die Kostennote einer anwaltlichen Abmahnung ohne vorhergehende Kontaktaufnahme mit uns wird im Sinne der Schadensminderungspflicht als unbegr\u00fcndet zur\u00fcckgewiesen!<br \/>\u200b<br \/>6.Datenschutz<br \/>Es gelten die Bestimmungen unserer Datenschutzerkl\u00e4rung.<\/p>\n<p>\u200b<br \/>7. Preise<br \/>Alle genannten Preise verstehen sich in Euro inklusive der in Deutschland geltenden gesetzlichen Mehrwertsteuer von zurzeit 19% bzw. zum halben Steuersatz von 7%. Im Falle der gesetzlichen \u00c4nderung des Mehrwertsteuersatzes werden die Preise entsprechend angepasst.<br \/>\u200b<br \/>8. Rechtswirksamkeit dieses Haftungsausschlusses<br \/>Dieser Haftungsausschluss ist als Teil des Internetangebotes zu betrachten, von dem aus auf diese Seite verwiesen wurde. Sofern Teile oder einzelne Formulierungen dieses Textes der geltenden Rechtslage nicht, nicht mehr oder nicht vollst\u00e4ndig entsprechen sollten, bleiben die \u00fcbrigen Teile des Dokumentes in ihrem Inhalt und ihrer G\u00fcltigkeit davon unber\u00fchrt. Unwirksame Bestimmungen werden durch solche ersetzt, die dem wirtschaftlichen Sinn und Zweck der ung\u00fcltigen Regelung in rechtskonformer Weise am n\u00e4chsten kommen. Obwohl aus Gr\u00fcnden der Lesbarkeit im Text die m\u00e4nnliche Form gew\u00e4hlt wurde beziehen sich die Angaben auf Angeh\u00f6rige beider Geschlechter.<\/p>\n<p>[\/et_pb_blurb][\/et_pb_column][\/et_pb_row][\/et_pb_section]<\/p>\n","protected":false},"excerpt":{"rendered":"<p>ImpressumPanorama Tower GmbH &amp; Co. KGZentrale Verwaltung:Buchener Stra\u00dfe 32D-04178 Leipzig Tel.: +49 (0)341 &#8211; 98 441-12Fax: +49 (0)341 &#8211; 98 441-21E-Mail: info@panorama-leipzig.deHomepage: www.panorama-leipzig.de Gesch\u00e4ftsf\u00fchrer:Lutz Albrecht Registergericht:Handelsregister beim Amtsgericht LeipzigHandelsregister-Nr. HRA 17438 Steuernummer:Steuernummer: 232\/161\/63605 Umsatzsteueridentifikationsnr. gem\u00e4\u00df Paragraph 27a Umsatzsteuergesetz:DE 301549095\u200bInhaltlich verantwortlich gem\u00e4\u00df Paragraph 6 MDStV:Lutz Albrecht\u200bpers\u00f6nl. haft. Gesellschafter:Lutz Albrecht Verwaltungsgesellschaft mbHAmtsgericht Leipzig HRB 23029vertreten durch Lutz [&hellip;]<\/p>\n","protected":false},"author":1,"featured_media":0,"parent":0,"menu_order":0,"comment_status":"closed","ping_status":"closed","template":"","meta":{"_et_pb_use_builder":"on","_et_pb_old_content":"","_et_gb_content_width":"","footnotes":""},"class_list":["post-1669","page","type-page","status-publish","hentry"],"_links":{"self":[{"href":"https:\/\/panorama-leipzig.de\/en\/wp-json\/wp\/v2\/pages\/1669","targetHints":{"allow":["GET"]}}],"collection":[{"href":"https:\/\/panorama-leipzig.de\/en\/wp-json\/wp\/v2\/pages"}],"about":[{"href":"https:\/\/panorama-leipzig.de\/en\/wp-json\/wp\/v2\/types\/page"}],"author":[{"embeddable":true,"href":"https:\/\/panorama-leipzig.de\/en\/wp-json\/wp\/v2\/users\/1"}],"replies":[{"embeddable":true,"href":"https:\/\/panorama-leipzig.de\/en\/wp-json\/wp\/v2\/comments?post=1669"}],"version-history":[{"count":2,"href":"https:\/\/panorama-leipzig.de\/en\/wp-json\/wp\/v2\/pages\/1669\/revisions"}],"predecessor-version":[{"id":1671,"href":"https:\/\/panorama-leipzig.de\/en\/wp-json\/wp\/v2\/pages\/1669\/revisions\/1671"}],"wp:attachment":[{"href":"https:\/\/panorama-leipzig.de\/en\/wp-json\/wp\/v2\/media?parent=1669"}],"curies":[{"name":"wp","href":"https:\/\/api.w.org\/{rel}","templated":true}]}}